{"id":121,"date":"2023-04-08T07:42:46","date_gmt":"2023-04-08T04:42:46","guid":{"rendered":"https:\/\/turkcellmetroethernet.com\/index.php\/grid-blog\/"},"modified":"2023-04-27T09:15:46","modified_gmt":"2023-04-27T06:15:46","slug":"blog","status":"publish","type":"page","link":"https:\/\/turkcellmetroethernet.com\/index.php\/blog\/","title":{"rendered":"Blog"},"content":{"rendered":"\t\t<div data-elementor-type=\"wp-post\" data-elementor-id=\"121\" class=\"elementor elementor-121\">\n\t\t\t\t\t\t<section class=\"elementor-section elementor-top-section elementor-element elementor-element-239b849 elementor-section-boxed elementor-section-height-default elementor-section-height-default\" data-id=\"239b849\" data-element_type=\"section\">\n\t\t\t\t\t\t<div class=\"elementor-container elementor-column-gap-default\">\n\t\t\t\t\t<div class=\"aux-parallax-section elementor-column elementor-col-100 elementor-top-column elementor-element elementor-element-d8f0318\" data-id=\"d8f0318\" data-element_type=\"column\">\n\t\t\t<div class=\"elementor-widget-wrap elementor-element-populated\">\n\t\t\t\t\t\t<div class=\"elementor-element elementor-element-8bacaca elementor-widget elementor-widget-spacer\" data-id=\"8bacaca\" data-element_type=\"widget\" data-widget_type=\"spacer.default\">\n\t\t\t\t<div class=\"elementor-widget-container\">\n\t\t\t\t\t\t\t<div class=\"elementor-spacer\">\n\t\t\t<div class=\"elementor-spacer-inner\"><\/div>\n\t\t<\/div>\n\t\t\t\t\t\t<\/div>\n\t\t\t\t<\/div>\n\t\t\t\t<div class=\"elementor-element elementor-element-7c2e927 elementor-widget elementor-widget-heading\" data-id=\"7c2e927\" data-element_type=\"widget\" data-widget_type=\"heading.default\">\n\t\t\t\t<div class=\"elementor-widget-container\">\n\t\t\t\t\t<h2 class=\"elementor-heading-title elementor-size-default\">Blog Yaz\u0131lar\u0131m\u0131za G\u00f6z At\u0131n<\/h2>\t\t\t\t<\/div>\n\t\t\t\t<\/div>\n\t\t\t\t\t<\/div>\n\t\t<\/div>\n\t\t\t\t\t<\/div>\n\t\t<\/section>\n\t\t\t\t<section class=\"elementor-section elementor-top-section elementor-element elementor-element-a61cd18 elementor-section-boxed elementor-section-height-default elementor-section-height-default\" data-id=\"a61cd18\" data-element_type=\"section\">\n\t\t\t\t\t\t<div class=\"elementor-container elementor-column-gap-default\">\n\t\t\t\t\t<div class=\"aux-parallax-section elementor-column elementor-col-100 elementor-top-column elementor-element elementor-element-6652ae3\" data-id=\"6652ae3\" data-element_type=\"column\">\n\t\t\t<div class=\"elementor-widget-wrap elementor-element-populated\">\n\t\t\t\t\t\t<div class=\"elementor-element elementor-element-2a24bdd aux-appear-watch-animation aux-fade-in-up elementor-widget elementor-widget-aux_recent_posts\" data-id=\"2a24bdd\" data-element_type=\"widget\" data-settings=\"{&quot;columns&quot;:&quot;3&quot;,&quot;columns_tablet&quot;:&quot;1&quot;,&quot;columns_mobile&quot;:&quot;1&quot;}\" data-widget_type=\"aux_recent_posts.default\">\n\t\t\t\t<div class=\"elementor-widget-container\">\n\t\t\t\t\t<script>auxinNS(\"auxin.content.loadmore.auabb9118b\"); auxin.content.loadmore.auabb9118b={\"nonce\":\"497a12dde7\",\"args\":{\"title\":\"\",\"subtitle\":\"\",\"cat\":[\" \"],\"num\":9,\"only_posts__in\":\"\",\"include\":\"\",\"exclude\":\"\",\"offset\":\"\",\"paged\":\"\",\"post_type\":\"post\",\"taxonomy_name\":\"category\",\"order_by\":\"date\",\"order\":\"DESC\",\"exclude_without_media\":\"no\",\"exclude_custom_post_formats\":\"no\",\"exclude_quote_link\":null,\"include_post_formats_in\":\"\",\"exclude_post_formats_in\":[],\"size\":\"\",\"display_title\":\"yes\",\"words_num\":\"\",\"show_media\":\"yes\",\"display_like\":\"\",\"display_comments\":\"\",\"display_categories\":\"\",\"max_taxonomy_num\":null,\"show_badge\":\"no\",\"content_layout\":\"default\",\"excerpt_len\":110,\"excerpt_length\":\"\",\"show_excerpt\":\"yes\",\"show_content\":\"yes\",\"show_info\":\"yes\",\"show_format_icon\":\"no\",\"show_date\":\"yes\",\"ignore_formats\":\"no\",\"post_info_position\":\"before-title\",\"author_or_readmore\":\"readmore\",\"image_aspect_ratio\":\"0.75\",\"meta_info_position\":\"after-content\",\"desktop_cnum\":\"3\",\"tablet_cnum\":\"1\",\"phone_cnum\":\"1\",\"preview_mode\":\"grid\",\"grid_table_hover\":\"bgimage-bgcolor\",\"tag\":\"\",\"display_author_footer\":null,\"display_author_header\":\"yes\",\"preloadable\":\"yes\",\"preload_preview\":\"no\",\"preload_bgcolor\":null,\"extra_classes\":\"\",\"extra_column_classes\":\"\",\"custom_el_id\":\"\",\"carousel_space\":null,\"carousel_autoplay\":null,\"carousel_autoplay_delay\":null,\"carousel_navigation\":null,\"carousel_navigation_control\":null,\"carousel_nav_control_pos\":null,\"carousel_nav_control_skin\":null,\"carousel_loop\":null,\"request_from\":\"\",\"template_part_file\":\"theme-parts\\\/entry\\\/post-column\",\"extra_template_path\":\"\",\"universal_id\":\"auabb9118b\",\"reset_query\":true,\"wp_query_args\":[],\"custom_wp_query\":\"\",\"loadmore_type\":\"next-prev\",\"loadmore_per_page\":9,\"content\":null,\"skip_wrappers\":true,\"content_width\":1600,\"inview_transition\":\"none\",\"inview_duration\":\"\",\"inview_delay\":\"\",\"inview_repeat\":\"no\",\"inview_offset\":\"\",\"called_from\":\"\"},\"handler\":\"aux_recent_posts\",\"per_page\":9};<\/script><section class=\"widget-container aux-ajax-type-next-prev aux-widget-recent-posts aux-parent-auabb9118b\"><div data-element-id=\"auabb9118b\" class=\"aux-match-height aux-row aux-de-col3 aux-tb-col1 aux-mb-col1 aux-total-2 aux-ajax-view  \"><div class=\"aux-col aux-ajax-item post-329\">\n                        <article class=\"post column-entry post-329 type-post status-publish format-standard hentry category-internet tag-radyo-link\">\n                                                        <div class=\"entry-media\"><div class=\"aux-media-frame aux-media-image aux-image-mask\"><a href=\"https:\/\/turkcellmetroethernet.com\/index.php\/2023\/04\/11\/radyo-link-internet-nedir\/\"><img loading=\"lazy\" decoding=\"async\" width=\"1536\" height=\"1025\" src=\"https:\/\/turkcellmetroethernet.com\/wp-content\/uploads\/2023\/04\/telecommunications-towers-against-cloudy-sky-1536x1025.jpg\" alt=\"\" loading=\"lazy\" srcset=\"https:\/\/turkcellmetroethernet.com\/wp-content\/uploads\/2023\/04\/telecommunications-towers-against-cloudy-sky-1536x1025.jpg 1536w, https:\/\/turkcellmetroethernet.com\/wp-content\/uploads\/2023\/04\/telecommunications-towers-against-cloudy-sky-2048x1366.jpg 2048w\" sizes=\"auto, (max-width: 1536px) 100vw, 1536px\" \/><\/a><\/div><\/div>\n                            \n                            <div class=\"entry-main\">\n                                                                                        \n                                <div class=\"entry-info\">\n                                                                    <div class=\"entry-date\">\n                                        <a href=\"https:\/\/turkcellmetroethernet.com\/index.php\/2023\/04\/11\/radyo-link-internet-nedir\/\">\n                                            <time datetime=\"2023-04-11T09:40:51+03:00\" title=\"2023-04-11T09:40:51+03:00\" >11 Nisan 2023<\/time>\n                                        <\/a>\n                                    <\/div>\n                                                                                                    <span class=\"entry-meta-sep meta-sep\">by<\/span>\n                                    <span class=\"author vcard\">\n                                        <a href=\"https:\/\/turkcellmetroethernet.com\/index.php\/author\/admin\/\" rel=\"author\" title=\"View all posts by admin\" >\n                                            admin                                        <\/a>\n                                    <\/span>\n                                                                                                                                                                        <\/div>\n                            \n                                <header class=\"entry-header\">\n                                \n                                    <h4 class=\"entry-title\">\n                                        <a href=\"https:\/\/turkcellmetroethernet.com\/index.php\/2023\/04\/11\/radyo-link-internet-nedir\/\">\n                                            Radyo Link \u0130nternet Nedir?                                        <\/a>\n                                    <\/h4>\n                                                                    <div class=\"entry-format\">\n                                        <a href=\"https:\/\/turkcellmetroethernet.com\/index.php\/2023\/04\/11\/radyo-link-internet-nedir\/\">\n                                            <div class=\"post-format format-\"> <\/div>\n                                        <\/a>\n                                    <\/div>\n                                <\/header>\n                            \n                                                            <div class=\"entry-content\">\n                                                                            <p>\nRadyoLink, kablosuz internet ba\u011flant\u0131s\u0131 sa\u011flayan bir teknolojidir. Bu teknoloji, y\u00fcksek h\u0131zl\u0131 internet ba\u011flan ...<\/p><div class=\"clear\"><\/div>                                <\/div>\n                                                                                        <footer class=\"entry-meta aux-after-content\">\n                                                                        <div class=\"readmore\">\n                                        <a href=\"https:\/\/turkcellmetroethernet.com\/index.php\/2023\/04\/11\/radyo-link-internet-nedir\/\" class=\"aux-read-more\"><span class=\"aux-read-more-text\">Read More<\/span><\/a>\n                                    <\/div>\n                                                                    <\/footer>\n                            \n                            <\/div>\n\n                        <\/article>\n<\/div><div class=\"aux-col aux-ajax-item post-252\">\n                        <article class=\"post column-entry post-252 type-post status-publish format-standard has-post-thumbnail hentry category-internet tag-metro-ethernet\">\n                                                        <div class=\"entry-media\"><div class=\"aux-media-frame aux-media-image aux-image-mask\"><a href=\"https:\/\/turkcellmetroethernet.com\/index.php\/2023\/04\/10\/metro-ethernet-nedir\/\"><img fetchpriority=\"high\" decoding=\"async\" width=\"503\" height=\"377\" src=\"data:image\/gif;base64,R0lGODlhAQABAIAAAAAAAP\/\/\/yH5BAEAAAAALAAAAAABAAEAAAIBRAA7\" class=\"aux-attachment aux-featured-image attachment-503.33333333333x377.5 aux-attachment-id-359  aux-preload aux-blank\" alt=\"METRO ETHERNET6125 (1)\" data-ratio=\"1.33\" data-original-w=\"591\" sizes=\"auto\" data-srcset=\"https:\/\/turkcellmetroethernet.com\/wp-content\/uploads\/2023\/04\/METRO-ETHERNET6125-1-150x113.png 150w,https:\/\/turkcellmetroethernet.com\/wp-content\/uploads\/2023\/04\/METRO-ETHERNET6125-1-300x225.png 300w,https:\/\/turkcellmetroethernet.com\/wp-content\/uploads\/2023\/04\/METRO-ETHERNET6125-1-503x378.png 503w,https:\/\/turkcellmetroethernet.com\/wp-content\/uploads\/2023\/04\/METRO-ETHERNET6125-1-581x435.png 581w\" data-src=\"https:\/\/turkcellmetroethernet.com\/wp-content\/uploads\/2023\/04\/METRO-ETHERNET6125-1-503x378.png\" \/><\/a><\/div><\/div>\n                            \n                            <div class=\"entry-main\">\n                                                                                        \n                                <div class=\"entry-info\">\n                                                                    <div class=\"entry-date\">\n                                        <a href=\"https:\/\/turkcellmetroethernet.com\/index.php\/2023\/04\/10\/metro-ethernet-nedir\/\">\n                                            <time datetime=\"2023-04-10T10:36:07+03:00\" title=\"2023-04-10T10:36:07+03:00\" >10 Nisan 2023<\/time>\n                                        <\/a>\n                                    <\/div>\n                                                                                                    <span class=\"entry-meta-sep meta-sep\">by<\/span>\n                                    <span class=\"author vcard\">\n                                        <a href=\"https:\/\/turkcellmetroethernet.com\/index.php\/author\/admin\/\" rel=\"author\" title=\"View all posts by admin\" >\n                                            admin                                        <\/a>\n                                    <\/span>\n                                                                                                                                                                        <\/div>\n                            \n                                <header class=\"entry-header\">\n                                \n                                    <h4 class=\"entry-title\">\n                                        <a href=\"https:\/\/turkcellmetroethernet.com\/index.php\/2023\/04\/10\/metro-ethernet-nedir\/\">\n                                            Metro Ethernet Nedir?                                        <\/a>\n                                    <\/h4>\n                                                                    <div class=\"entry-format\">\n                                        <a href=\"https:\/\/turkcellmetroethernet.com\/index.php\/2023\/04\/10\/metro-ethernet-nedir\/\">\n                                            <div class=\"post-format format-\"> <\/div>\n                                        <\/a>\n                                    <\/div>\n                                <\/header>\n                            \n                                                            <div class=\"entry-content\">\n                                                                            <p><p>Metro Ethernet, \u00f6zellikle b\u00fcy\u00fck i\u015fletmeler ve kurulu\u015flar taraf\u0131ndan tercih edilen; Ethernet protokol\u00fcn\u00fcn metro alan a\u011f\u0131 olarak \u015fehir i\u00e7i a\u011flarda kullan\u0131lmas\u0131d\u0131r. Metro Ethernet, h\u0131zl\u0131 veri maliyetleri ve d\u00fc\u015f\u00fck maliyetleri ile bilinen Ethernet teknolojisinin avantajlar\u0131n\u0131 \u015fehir i\u00e7i a\u011flara getirir.<\/p>\n<\/p>                                <\/div>\n                                                                                        <footer class=\"entry-meta aux-after-content\">\n                                                                        <div class=\"readmore\">\n                                        <a href=\"https:\/\/turkcellmetroethernet.com\/index.php\/2023\/04\/10\/metro-ethernet-nedir\/\" class=\"aux-read-more\"><span class=\"aux-read-more-text\">Read More<\/span><\/a>\n                                    <\/div>\n                                                                    <\/footer>\n                            \n                            <\/div>\n\n                        <\/article>\n<\/div><\/div><\/section><!-- widget-container -->\t\t\t\t<\/div>\n\t\t\t\t<\/div>\n\t\t\t\t\t<\/div>\n\t\t<\/div>\n\t\t\t\t\t<\/div>\n\t\t<\/section>\n\t\t\t\t<\/div>\n\t\t","protected":false},"excerpt":{"rendered":"<p>Blog Yaz\u0131lar\u0131m\u0131za G\u00f6z At\u0131n 26 Nisan 2023 by admin | Edit Sanal Veri Merkezi Nedir? Sanal veri merkezleri, geleneksel veri merkezlerine alternatif olarak ortaya \u00e7\u0131kan, bulut bili\u015fim teknolo &#8230; Read More 11 Nisan 2023 by admin | Edit Radyo Link \u0130nternet Nedir? RadyoLink, kablosuz internet ba\u011flant\u0131s\u0131 sa\u011flayan bir teknolojidir. Bu teknoloji, y\u00fcksek h\u0131zl\u0131 internet ba\u011flan [&hellip;]<\/p>\n","protected":false},"author":1,"featured_media":0,"parent":0,"menu_order":0,"comment_status":"closed","ping_status":"closed","template":"","meta":{"om_disable_all_campaigns":false,"_monsterinsights_skip_tracking":false,"_monsterinsights_sitenote_active":false,"_monsterinsights_sitenote_note":"","_monsterinsights_sitenote_category":0,"footnotes":""},"class_list":["post-121","page","type-page","status-publish","hentry"],"yoast_head":"<!-- This site is optimized with the Yoast SEO Premium plugin v20.4 (Yoast SEO v26.7) - https:\/\/yoast.com\/wordpress\/plugins\/seo\/ -->\n<title>Blog |<\/title>\n<meta name=\"robots\" content=\"index, follow, max-snippet:-1, max-image-preview:large, max-video-preview:-1\" \/>\n<link rel=\"canonical\" href=\"https:\/\/turkcellmetroethernet.com\/index.php\/blog\/\" \/>\n<meta property=\"og:locale\" content=\"tr_TR\" \/>\n<meta property=\"og:type\" content=\"article\" \/>\n<meta property=\"og:title\" content=\"Blog\" \/>\n<meta property=\"og:description\" content=\"Blog Yaz\u0131lar\u0131m\u0131za G\u00f6z At\u0131n 26 Nisan 2023 by admin | Edit Sanal Veri Merkezi Nedir? Sanal veri merkezleri, geleneksel veri merkezlerine alternatif olarak ortaya \u00e7\u0131kan, bulut bili\u015fim teknolo &#8230; Read More 11 Nisan 2023 by admin | Edit Radyo Link \u0130nternet Nedir? RadyoLink, kablosuz internet ba\u011flant\u0131s\u0131 sa\u011flayan bir teknolojidir. Bu teknoloji, y\u00fcksek h\u0131zl\u0131 internet ba\u011flan [&hellip;]\" \/>\n<meta property=\"og:url\" content=\"https:\/\/turkcellmetroethernet.com\/index.php\/blog\/\" \/>\n<meta property=\"article:modified_time\" content=\"2023-04-27T06:15:46+00:00\" \/>\n<meta property=\"og:image\" content=\"https:\/\/turkcellmetroethernet.com\/wp-content\/uploads\/2023\/04\/19947-scaled-e1682519331118-1024x1024.jpg\" \/>\n<meta name=\"twitter:card\" content=\"summary_large_image\" \/>\n<script type=\"application\/ld+json\" class=\"yoast-schema-graph\">{\"@context\":\"https:\/\/schema.org\",\"@graph\":[{\"@type\":\"WebPage\",\"@id\":\"https:\/\/turkcellmetroethernet.com\/index.php\/blog\/\",\"url\":\"https:\/\/turkcellmetroethernet.com\/index.php\/blog\/\",\"name\":\"Blog |\",\"isPartOf\":{\"@id\":\"https:\/\/turkcellmetroethernet.com\/#website\"},\"primaryImageOfPage\":{\"@id\":\"https:\/\/turkcellmetroethernet.com\/index.php\/blog\/#primaryimage\"},\"image\":{\"@id\":\"https:\/\/turkcellmetroethernet.com\/index.php\/blog\/#primaryimage\"},\"thumbnailUrl\":\"https:\/\/turkcellmetroethernet.com\/wp-content\/uploads\/2023\/04\/19947-scaled-e1682519331118-1024x1024.jpg\",\"datePublished\":\"2023-04-08T04:42:46+00:00\",\"dateModified\":\"2023-04-27T06:15:46+00:00\",\"breadcrumb\":{\"@id\":\"https:\/\/turkcellmetroethernet.com\/index.php\/blog\/#breadcrumb\"},\"inLanguage\":\"tr\",\"potentialAction\":[{\"@type\":\"ReadAction\",\"target\":[\"https:\/\/turkcellmetroethernet.com\/index.php\/blog\/\"]}]},{\"@type\":\"ImageObject\",\"inLanguage\":\"tr\",\"@id\":\"https:\/\/turkcellmetroethernet.com\/index.php\/blog\/#primaryimage\",\"url\":\"https:\/\/turkcellmetroethernet.com\/wp-content\/uploads\/2023\/04\/19947-scaled-e1682519331118-1024x1024.jpg\",\"contentUrl\":\"https:\/\/turkcellmetroethernet.com\/wp-content\/uploads\/2023\/04\/19947-scaled-e1682519331118-1024x1024.jpg\"},{\"@type\":\"BreadcrumbList\",\"@id\":\"https:\/\/turkcellmetroethernet.com\/index.php\/blog\/#breadcrumb\",\"itemListElement\":[{\"@type\":\"ListItem\",\"position\":1,\"name\":\"Anasayfa\",\"item\":\"https:\/\/turkcellmetroethernet.com\/\"},{\"@type\":\"ListItem\",\"position\":2,\"name\":\"Blog\"}]},{\"@type\":\"WebSite\",\"@id\":\"https:\/\/turkcellmetroethernet.com\/#website\",\"url\":\"https:\/\/turkcellmetroethernet.com\/\",\"name\":\"Turkcell Metro Ethernet\",\"description\":\"\u0130\u015finiz i\u00e7in \u0130nternet\",\"publisher\":{\"@id\":\"https:\/\/turkcellmetroethernet.com\/#organization\"},\"potentialAction\":[{\"@type\":\"SearchAction\",\"target\":{\"@type\":\"EntryPoint\",\"urlTemplate\":\"https:\/\/turkcellmetroethernet.com\/?s={search_term_string}\"},\"query-input\":{\"@type\":\"PropertyValueSpecification\",\"valueRequired\":true,\"valueName\":\"search_term_string\"}}],\"inLanguage\":\"tr\"},{\"@type\":\"Organization\",\"@id\":\"https:\/\/turkcellmetroethernet.com\/#organization\",\"name\":\"Turkcell\",\"url\":\"https:\/\/turkcellmetroethernet.com\/\",\"logo\":{\"@type\":\"ImageObject\",\"inLanguage\":\"tr\",\"@id\":\"https:\/\/turkcellmetroethernet.com\/#\/schema\/logo\/image\/\",\"url\":\"https:\/\/turkcellmetroethernet.com\/wp-content\/uploads\/2023\/04\/turkcell-metro-ethernet-logo.png\",\"contentUrl\":\"https:\/\/turkcellmetroethernet.com\/wp-content\/uploads\/2023\/04\/turkcell-metro-ethernet-logo.png\",\"width\":1920,\"height\":500,\"caption\":\"Turkcell\"},\"image\":{\"@id\":\"https:\/\/turkcellmetroethernet.com\/#\/schema\/logo\/image\/\"}}]}<\/script>\n<!-- \/ Yoast SEO Premium plugin. -->","yoast_head_json":{"title":"Blog |","robots":{"index":"index","follow":"follow","max-snippet":"max-snippet:-1","max-image-preview":"max-image-preview:large","max-video-preview":"max-video-preview:-1"},"canonical":"https:\/\/turkcellmetroethernet.com\/index.php\/blog\/","og_locale":"tr_TR","og_type":"article","og_title":"Blog","og_description":"Blog Yaz\u0131lar\u0131m\u0131za G\u00f6z At\u0131n 26 Nisan 2023 by admin | Edit Sanal Veri Merkezi Nedir? Sanal veri merkezleri, geleneksel veri merkezlerine alternatif olarak ortaya \u00e7\u0131kan, bulut bili\u015fim teknolo &#8230; Read More 11 Nisan 2023 by admin | Edit Radyo Link \u0130nternet Nedir? RadyoLink, kablosuz internet ba\u011flant\u0131s\u0131 sa\u011flayan bir teknolojidir. Bu teknoloji, y\u00fcksek h\u0131zl\u0131 internet ba\u011flan [&hellip;]","og_url":"https:\/\/turkcellmetroethernet.com\/index.php\/blog\/","article_modified_time":"2023-04-27T06:15:46+00:00","og_image":[{"url":"https:\/\/turkcellmetroethernet.com\/wp-content\/uploads\/2023\/04\/19947-scaled-e1682519331118-1024x1024.jpg","type":"","width":"","height":""}],"twitter_card":"summary_large_image","schema":{"@context":"https:\/\/schema.org","@graph":[{"@type":"WebPage","@id":"https:\/\/turkcellmetroethernet.com\/index.php\/blog\/","url":"https:\/\/turkcellmetroethernet.com\/index.php\/blog\/","name":"Blog |","isPartOf":{"@id":"https:\/\/turkcellmetroethernet.com\/#website"},"primaryImageOfPage":{"@id":"https:\/\/turkcellmetroethernet.com\/index.php\/blog\/#primaryimage"},"image":{"@id":"https:\/\/turkcellmetroethernet.com\/index.php\/blog\/#primaryimage"},"thumbnailUrl":"https:\/\/turkcellmetroethernet.com\/wp-content\/uploads\/2023\/04\/19947-scaled-e1682519331118-1024x1024.jpg","datePublished":"2023-04-08T04:42:46+00:00","dateModified":"2023-04-27T06:15:46+00:00","breadcrumb":{"@id":"https:\/\/turkcellmetroethernet.com\/index.php\/blog\/#breadcrumb"},"inLanguage":"tr","potentialAction":[{"@type":"ReadAction","target":["https:\/\/turkcellmetroethernet.com\/index.php\/blog\/"]}]},{"@type":"ImageObject","inLanguage":"tr","@id":"https:\/\/turkcellmetroethernet.com\/index.php\/blog\/#primaryimage","url":"https:\/\/turkcellmetroethernet.com\/wp-content\/uploads\/2023\/04\/19947-scaled-e1682519331118-1024x1024.jpg","contentUrl":"https:\/\/turkcellmetroethernet.com\/wp-content\/uploads\/2023\/04\/19947-scaled-e1682519331118-1024x1024.jpg"},{"@type":"BreadcrumbList","@id":"https:\/\/turkcellmetroethernet.com\/index.php\/blog\/#breadcrumb","itemListElement":[{"@type":"ListItem","position":1,"name":"Anasayfa","item":"https:\/\/turkcellmetroethernet.com\/"},{"@type":"ListItem","position":2,"name":"Blog"}]},{"@type":"WebSite","@id":"https:\/\/turkcellmetroethernet.com\/#website","url":"https:\/\/turkcellmetroethernet.com\/","name":"Turkcell Metro Ethernet","description":"\u0130\u015finiz i\u00e7in \u0130nternet","publisher":{"@id":"https:\/\/turkcellmetroethernet.com\/#organization"},"potentialAction":[{"@type":"SearchAction","target":{"@type":"EntryPoint","urlTemplate":"https:\/\/turkcellmetroethernet.com\/?s={search_term_string}"},"query-input":{"@type":"PropertyValueSpecification","valueRequired":true,"valueName":"search_term_string"}}],"inLanguage":"tr"},{"@type":"Organization","@id":"https:\/\/turkcellmetroethernet.com\/#organization","name":"Turkcell","url":"https:\/\/turkcellmetroethernet.com\/","logo":{"@type":"ImageObject","inLanguage":"tr","@id":"https:\/\/turkcellmetroethernet.com\/#\/schema\/logo\/image\/","url":"https:\/\/turkcellmetroethernet.com\/wp-content\/uploads\/2023\/04\/turkcell-metro-ethernet-logo.png","contentUrl":"https:\/\/turkcellmetroethernet.com\/wp-content\/uploads\/2023\/04\/turkcell-metro-ethernet-logo.png","width":1920,"height":500,"caption":"Turkcell"},"image":{"@id":"https:\/\/turkcellmetroethernet.com\/#\/schema\/logo\/image\/"}}]}},"jetpack_sharing_enabled":true,"_links":{"self":[{"href":"https:\/\/turkcellmetroethernet.com\/index.php\/wp-json\/wp\/v2\/pages\/121","targetHints":{"allow":["GET"]}}],"collection":[{"href":"https:\/\/turkcellmetroethernet.com\/index.php\/wp-json\/wp\/v2\/pages"}],"about":[{"href":"https:\/\/turkcellmetroethernet.com\/index.php\/wp-json\/wp\/v2\/types\/page"}],"author":[{"embeddable":true,"href":"https:\/\/turkcellmetroethernet.com\/index.php\/wp-json\/wp\/v2\/users\/1"}],"replies":[{"embeddable":true,"href":"https:\/\/turkcellmetroethernet.com\/index.php\/wp-json\/wp\/v2\/comments?post=121"}],"version-history":[{"count":14,"href":"https:\/\/turkcellmetroethernet.com\/index.php\/wp-json\/wp\/v2\/pages\/121\/revisions"}],"predecessor-version":[{"id":1054,"href":"https:\/\/turkcellmetroethernet.com\/index.php\/wp-json\/wp\/v2\/pages\/121\/revisions\/1054"}],"wp:attachment":[{"href":"https:\/\/turkcellmetroethernet.com\/index.php\/wp-json\/wp\/v2\/media?parent=121"}],"curies":[{"name":"wp","href":"https:\/\/api.w.org\/{rel}","templated":true}]}}