{"id":114,"date":"2023-04-08T08:15:24","date_gmt":"2023-04-08T05:15:24","guid":{"rendered":"https:\/\/turkcellmetroethernet.com\/index.php\/contact-us\/"},"modified":"2025-08-28T15:06:15","modified_gmt":"2025-08-28T12:06:15","slug":"iletisim-kampanya","status":"publish","type":"page","link":"https:\/\/turkcellmetroethernet.com\/index.php\/iletisim-kampanya\/","title":{"rendered":"\u0130leti\u015fim"},"content":{"rendered":"\t\t<div data-elementor-type=\"wp-post\" data-elementor-id=\"114\" class=\"elementor elementor-114\">\n\t\t\t\t\t\t<section class=\"elementor-section elementor-top-section elementor-element elementor-element-3f5f1db0 elementor-section-content-middle elementor-reverse-mobile elementor-section-boxed elementor-section-height-default elementor-section-height-default\" data-id=\"3f5f1db0\" data-element_type=\"section\">\n\t\t\t\t\t\t<div class=\"elementor-container elementor-column-gap-wider\">\n\t\t\t\t\t<div class=\"aux-parallax-section elementor-column elementor-col-50 elementor-top-column elementor-element elementor-element-1c5d32f5\" data-id=\"1c5d32f5\" data-element_type=\"column\">\n\t\t\t<div class=\"elementor-widget-wrap elementor-element-populated\">\n\t\t\t\t\t\t<div class=\"elementor-element elementor-element-6aa3c510 aux-appear-watch-animation aux-fade-in-up e-transform elementor-widget elementor-widget-aux_modern_heading\" data-id=\"6aa3c510\" data-element_type=\"widget\" data-settings=\"{&quot;_transform_translateX_effect&quot;:{&quot;unit&quot;:&quot;px&quot;,&quot;size&quot;:0,&quot;sizes&quot;:[]},&quot;_transform_translateY_effect&quot;:{&quot;unit&quot;:&quot;px&quot;,&quot;size&quot;:-207,&quot;sizes&quot;:[]},&quot;_transform_translateY_effect_mobile&quot;:{&quot;unit&quot;:&quot;px&quot;,&quot;size&quot;:32,&quot;sizes&quot;:[]},&quot;_transform_translateX_effect_tablet&quot;:{&quot;unit&quot;:&quot;px&quot;,&quot;size&quot;:&quot;&quot;,&quot;sizes&quot;:[]},&quot;_transform_translateX_effect_mobile&quot;:{&quot;unit&quot;:&quot;px&quot;,&quot;size&quot;:&quot;&quot;,&quot;sizes&quot;:[]},&quot;_transform_translateY_effect_tablet&quot;:{&quot;unit&quot;:&quot;px&quot;,&quot;size&quot;:&quot;&quot;,&quot;sizes&quot;:[]}}\" data-widget_type=\"aux_modern_heading.default\">\n\t\t\t\t<div class=\"elementor-widget-container\">\n\t\t\t\t\t<section class=\"aux-widget-modern-heading\">\n            <div class=\"aux-widget-inner\"><h2 class=\"aux-modern-heading-primary\">\u0130leti\u015fim<\/h2><h3 class=\"aux-modern-heading-secondary\"><span class=\"aux-head-highlight\">Bizimle \u0130leti\u015fime<br>Ge\u00e7in<\/span><\/h3><div class=\"aux-modern-heading-divider\"><\/div><div class=\"aux-modern-heading-description\"><p>Hizmetler, Servisler, Marka i\u015f birlikleri, Metro Ethernet, RadyoLink ve daha fazlas\u0131 i\u00e7in\u00a0 formda mesaj\u0131n\u0131z\u0131 belirtip bize g\u00f6nderin.<\/p><\/div><\/div>\n        <\/section>\t\t\t\t<\/div>\n\t\t\t\t<\/div>\n\t\t\t\t\t<\/div>\n\t\t<\/div>\n\t\t\t\t<div class=\"aux-parallax-section elementor-column elementor-col-50 elementor-top-column elementor-element elementor-element-571db6b6 aux-appear-watch-animation aux-scale-up\" data-id=\"571db6b6\" data-element_type=\"column\">\n\t\t\t<div class=\"elementor-widget-wrap elementor-element-populated\">\n\t\t\t\t\t\t<div class=\"elementor-element elementor-element-4851573 elementor-widget elementor-widget-wpforms\" data-id=\"4851573\" data-element_type=\"widget\" data-widget_type=\"wpforms.default\">\n\t\t\t\t<div class=\"elementor-widget-container\">\n\t\t\t\t\t<div class=\"wpforms-container wpforms-container-full wpforms-render-modern\" id=\"wpforms-607\"><form id=\"wpforms-form-607\" class=\"wpforms-validate wpforms-form wpforms-ajax-form\" data-formid=\"607\" method=\"post\" enctype=\"multipart\/form-data\" action=\"\/index.php\/wp-json\/wp\/v2\/pages\/114\" data-token=\"33791d43ff0912ed71e901e1e6a5ae8d\" data-token-time=\"1777570032\"><noscript class=\"wpforms-error-noscript\">Bu formu bitirebilmek i\u00e7in taray\u0131c\u0131n\u0131zda JavaScript&#039;i etkinle\u015ftirin.<\/noscript><div class=\"wpforms-hidden\" id=\"wpforms-error-noscript\">Bu formu bitirebilmek i\u00e7in taray\u0131c\u0131n\u0131zda JavaScript&#039;i etkinle\u015ftirin.<\/div><div class=\"wpforms-field-container\"><div id=\"wpforms-607-field_7-container\" class=\"wpforms-field wpforms-field-name\" data-field-id=\"7\"><fieldset><legend class=\"wpforms-field-label\">\u0130sim Bilgileri <span class=\"wpforms-required-label\" aria-hidden=\"true\">*<\/span><\/legend><div class=\"wpforms-field-row wpforms-field-medium\"><div class=\"wpforms-field-row-block wpforms-first wpforms-one-half\"><input type=\"text\" id=\"wpforms-607-field_7\" class=\"wpforms-field-name-first wpforms-field-required\" name=\"wpforms[fields][7][first]\" aria-errormessage=\"wpforms-607-field_7-error\" required><label for=\"wpforms-607-field_7\" class=\"wpforms-field-sublabel after\">Ad<\/label><\/div><div class=\"wpforms-field-row-block wpforms-one-half\"><input type=\"text\" id=\"wpforms-607-field_7-last\" class=\"wpforms-field-name-last wpforms-field-required\" name=\"wpforms[fields][7][last]\" aria-errormessage=\"wpforms-607-field_7-last-error\" required><label for=\"wpforms-607-field_7-last\" class=\"wpforms-field-sublabel after\">Soyad<\/label><\/div><\/div><\/fieldset><\/div><div id=\"wpforms-607-field_10-container\" class=\"wpforms-field wpforms-field-text\" data-field-id=\"10\"><label class=\"wpforms-field-label\" for=\"wpforms-607-field_10\">Ticari Unvan <span class=\"wpforms-required-label\" aria-hidden=\"true\">*<\/span><\/label><input type=\"text\" id=\"wpforms-607-field_10\" class=\"wpforms-field-medium wpforms-field-required\" name=\"wpforms[fields][10]\" aria-errormessage=\"wpforms-607-field_10-error\" required><\/div><div id=\"wpforms-607-field_14-container\" class=\"wpforms-field wpforms-field-text\" data-field-id=\"14\"><label class=\"wpforms-field-label\" for=\"wpforms-607-field_14\">Telefon Numaras\u0131 <span class=\"wpforms-required-label\" aria-hidden=\"true\">*<\/span><\/label><input type=\"text\" id=\"wpforms-607-field_14\" class=\"wpforms-field-medium wpforms-field-required wpforms-limit-characters-enabled\" data-form-id=\"607\" data-field-id=\"14\" data-text-limit=\"11\" name=\"wpforms[fields][14]\" aria-errormessage=\"wpforms-607-field_14-error\" maxlength=\"11\" required><\/div><div id=\"wpforms-607-field_12-container\" class=\"wpforms-field wpforms-field-email\" data-field-id=\"12\"><label class=\"wpforms-field-label\" for=\"wpforms-607-field_12\">E-posta <span class=\"wpforms-required-label\" aria-hidden=\"true\">*<\/span><\/label><input type=\"email\" id=\"wpforms-607-field_12\" class=\"wpforms-field-medium wpforms-field-required\" name=\"wpforms[fields][12]\" spellcheck=\"false\" aria-errormessage=\"wpforms-607-field_12-error\" required><\/div><div id=\"wpforms-607-field_13-container\" class=\"wpforms-field wpforms-field-select wpforms-field-select-style-modern\" data-field-id=\"13\"><label class=\"wpforms-field-label\" for=\"wpforms-607-field_13\">Hizmetler <span class=\"wpforms-required-label\" aria-hidden=\"true\">*<\/span><\/label><select id=\"wpforms-607-field_13\" class=\"wpforms-field-medium wpforms-field-required choicesjs-select\" data-size-class=\"wpforms-field-row wpforms-field-medium\" data-search-enabled=\"\" name=\"wpforms[fields][13][]\" required=\"required\" multiple=\"multiple\"><option value=\"\" class=\"placeholder\" disabled >Hizmet Se\u00e7iniz<\/option><option value=\"Di\u011fer\" >Di\u011fer<\/option><option value=\"Metro Ethernet\" >Metro Ethernet<\/option><option value=\"RadyoLink\" >RadyoLink<\/option><option value=\"Sanal Veri Merkezi\" >Sanal Veri Merkezi<\/option><option value=\"\u0130nternet ve G\u00fcvenlik Servisleri\" >\u0130nternet ve G\u00fcvenlik Servisleri<\/option><option value=\"Veeam Bulut yedekleme\" >Veeam Bulut yedekleme<\/option><\/select><div id=\"wpforms-607-field_13-description\" class=\"wpforms-field-description\">Bilgi Almak \u0130stedi\u011finiz Hizmeti Se\u00e7iniz<\/div><\/div><div id=\"wpforms-607-field_15-container\" class=\"wpforms-field wpforms-field-textarea\" data-field-id=\"15\"><label class=\"wpforms-field-label\" for=\"wpforms-607-field_15\">Mesaj\u0131n\u0131z<\/label><textarea id=\"wpforms-607-field_15\" class=\"wpforms-field-medium\" name=\"wpforms[fields][15]\" aria-errormessage=\"wpforms-607-field_15-error\" ><\/textarea><\/div><div id=\"wpforms-607-field_16-container\" class=\"wpforms-field wpforms-field-checkbox a href httpsturkcellmetroethernetcomindexphpkvkk KVKK Metnini Okudum Kabul ediyoruma\" data-field-id=\"16\"><fieldset><legend class=\"wpforms-field-label wpforms-label-hide\" aria-hidden=\"false\">Onay kutular\u0131 <span class=\"wpforms-required-label\" aria-hidden=\"true\">*<\/span><\/legend><ul id=\"wpforms-607-field_16\" class=\"wpforms-field-required\"><li class=\"choice-1 depth-1\"><input type=\"checkbox\" id=\"wpforms-607-field_16_1\" name=\"wpforms[fields][16][]\" value=\"&lt;a href=&quot; https:\/\/turkcellmetroethernet.com\/index.php\/kvkk\/&quot;&gt; KVKK Metnini Okudum Kabul ediyorum.&lt;\/a&gt;\" aria-errormessage=\"wpforms-607-field_16_1-error\" required ><label class=\"wpforms-field-label-inline\" for=\"wpforms-607-field_16_1\"><a href=\"https:\/\/turkcellmetroethernet.com\/index.php\/kvkk\/\"> KVKK Metnini Okudum Kabul ediyorum.<\/a><\/label><\/li><\/ul><\/fieldset><\/div><\/div><!-- .wpforms-field-container --><div class=\"wpforms-submit-container\" ><input type=\"hidden\" name=\"wpforms[id]\" value=\"607\"><input type=\"hidden\" name=\"page_title\" value=\"\"><input type=\"hidden\" name=\"page_url\" value=\"https:\/\/turkcellmetroethernet.com\/index.php\/wp-json\/wp\/v2\/pages\/114\"><input type=\"hidden\" name=\"url_referer\" value=\"\"><button type=\"submit\" name=\"wpforms[submit]\" id=\"wpforms-submit-607\" class=\"wpforms-submit\" data-alt-text=\"G\u00f6nderiliyor...\" data-submit-text=\"G\u00f6nder\" aria-live=\"assertive\" value=\"wpforms-submit\">G\u00f6nder<\/button><img decoding=\"async\" src=\"https:\/\/turkcellmetroethernet.com\/wp-content\/plugins\/wpforms\/assets\/images\/submit-spin.svg\" class=\"wpforms-submit-spinner\" style=\"display: none;\" width=\"26\" height=\"26\" alt=\"Y\u00fckleniyor\"><\/div><\/form><\/div>  <!-- .wpforms-container -->\t\t\t\t<\/div>\n\t\t\t\t<\/div>\n\t\t\t\t\t<\/div>\n\t\t<\/div>\n\t\t\t\t\t<\/div>\n\t\t<\/section>\n\t\t\t\t<section class=\"elementor-section elementor-top-section elementor-element elementor-element-7963c47b elementor-reverse-mobile elementor-section-content-middle elementor-section-full_width aux-appear-watch-animation aux-fade-in-up elementor-section-height-default elementor-section-height-default\" data-id=\"7963c47b\" data-element_type=\"section\" data-settings=\"{&quot;background_background&quot;:&quot;classic&quot;}\">\n\t\t\t\t\t\t<div class=\"elementor-container elementor-column-gap-no\">\n\t\t\t\t\t<div class=\"aux-parallax-section elementor-column elementor-col-100 elementor-top-column elementor-element elementor-element-474c8c71\" data-id=\"474c8c71\" data-element_type=\"column\">\n\t\t\t<div class=\"elementor-widget-wrap elementor-element-populated\">\n\t\t\t\t\t\t<div class=\"elementor-element elementor-element-9711553 elementor-widget elementor-widget-aux_modern_heading\" data-id=\"9711553\" data-element_type=\"widget\" data-widget_type=\"aux_modern_heading.default\">\n\t\t\t\t<div class=\"elementor-widget-container\">\n\t\t\t\t\t<section class=\"aux-widget-modern-heading\">\n            <div class=\"aux-widget-inner\"><h2 class=\"aux-modern-heading-primary\">Turkcell Metro Ethernet<\/h2><h3 class=\"aux-modern-heading-secondary\"><span class=\"aux-head-highlight\">\u015eirketiniz i\u00e7in arad\u0131\u011f\u0131n\u0131z geni\u015f banttaki internet i\u00e7in bize mail g\u00f6nderin.<\/span><\/h3><div class=\"aux-modern-heading-divider\"><\/div><\/div>\n        <\/section>\t\t\t\t<\/div>\n\t\t\t\t<\/div>\n\t\t\t\t<div class=\"elementor-element elementor-element-2d5b673 elementor-widget elementor-widget-aux_text\" data-id=\"2d5b673\" data-element_type=\"widget\" data-widget_type=\"aux_text.default\">\n\t\t\t\t<div class=\"elementor-widget-container\">\n\t\t\t\t\t<section class=\"widget-container aux-widget-text aux-parent-aub4054121\">        <div class=\"aux-widget-advanced-text aux-wrap-style-simple aux-ico-pos-top aux-text-center aux-text-resp- aux-text-color-dark aux-text-widget-bg-center  \" >\n        \n                            <div class=\"aux-text-widget-header \"  >\n                        <div class=\"aux-ico-box aux-ico-large aux-img-box aux-ico-shape-circle aux-ico-clear \">\n                                                                <img decoding=\"async\" width=\"75\" height=\"75\" src=\"https:\/\/turkcellmetroethernet.com\/wp-content\/uploads\/2024\/09\/mail-kutusu-e1726764451655-75x75.png\" class=\"aux-attachment aux-featured-image aux-attachment-id-1427\" alt=\"mail kutusu\" srcset=\"https:\/\/turkcellmetroethernet.com\/wp-content\/uploads\/2024\/09\/mail-kutusu-e1726764451655-150x150.png 150w,https:\/\/turkcellmetroethernet.com\/wp-content\/uploads\/2024\/09\/mail-kutusu-e1726764451655-300x300.png 300w,https:\/\/turkcellmetroethernet.com\/wp-content\/uploads\/2024\/09\/mail-kutusu-e1726764451655-75x75.png 75w\" data-ratio=\"1\" data-original-w=\"381\" \/>                                                    <\/div>\n                <\/div>\n            \n            <div class=\"aux-text-inner aux-text-widget-content\">\n                                <h4 class=\"col-title\">Mail<\/h4>\n                                <div class=\"widget-content\">\n                                        <p>info@turkcellmetroethernet.com<\/p>                <\/div>\n                            <\/div>\n        <\/div>\n                    <div class=\"aux-text-widget-footer\">\n                <div class=\"aux-border-shape-none \">\n                                <\/div>\n            <\/div>\n        \n<\/section><!-- widget-container -->\t\t\t\t<\/div>\n\t\t\t\t<\/div>\n\t\t\t\t\t<\/div>\n\t\t<\/div>\n\t\t\t\t\t<\/div>\n\t\t<\/section>\n\t\t\t\t<\/div>\n\t\t","protected":false},"excerpt":{"rendered":"<p>\u0130leti\u015fim Bizimle \u0130leti\u015fimeGe\u00e7in Hizmetler, Servisler, Marka i\u015f birlikleri, Metro Ethernet, RadyoLink ve daha fazlas\u0131 i\u00e7in\u00a0 formda mesaj\u0131n\u0131z\u0131 belirtip bize g\u00f6nderin. Bu formu bitirebilmek i\u00e7in taray\u0131c\u0131n\u0131zda JavaScript&#039;i etkinle\u015ftirin.Bu formu bitirebilmek i\u00e7in taray\u0131c\u0131n\u0131zda JavaScript&#039;i etkinle\u015ftirin. \u0130sim Bilgileri * AdSoyad Ticari Unvan *Telefon Numaras\u0131 *E-posta *Hizmetler *Hizmet Se\u00e7inizDi\u011ferMetro EthernetRadyoLinkSanal Veri Merkezi\u0130nternet ve G\u00fcvenlik ServisleriVeeam Bulut yedeklemeBilgi Almak \u0130stedi\u011finiz [&hellip;]<\/p>\n","protected":false},"author":1,"featured_media":963,"parent":0,"menu_order":0,"comment_status":"closed","ping_status":"closed","template":"","meta":{"om_disable_all_campaigns":false,"_monsterinsights_skip_tracking":false,"_monsterinsights_sitenote_active":false,"_monsterinsights_sitenote_note":"","_monsterinsights_sitenote_category":0,"footnotes":""},"class_list":["post-114","page","type-page","status-publish","has-post-thumbnail","hentry"],"yoast_head":"<!-- This site is optimized with the Yoast SEO Premium plugin v20.4 (Yoast SEO v26.7) - https:\/\/yoast.com\/wordpress\/plugins\/seo\/ -->\n<title>Kampanyal\u0131 \u0130\u015f \u0130nterneti i\u00e7in Bizimle \u0130leti\u015fime Ge\u00e7in!<\/title>\n<meta name=\"description\" content=\"Turkcell Kurumsal, Dijital \u0130\u015f \u00c7\u00f6z\u00fcmleri i\u00e7in ileti\u015fime ge\u00e7in!\" \/>\n<meta name=\"robots\" content=\"index, follow, max-snippet:-1, max-image-preview:large, max-video-preview:-1\" \/>\n<link rel=\"canonical\" href=\"https:\/\/turkcellmetroethernet.com\/index.php\/iletisim-kampanya\/\" \/>\n<meta property=\"og:locale\" content=\"tr_TR\" \/>\n<meta property=\"og:type\" content=\"article\" \/>\n<meta property=\"og:title\" content=\"\u0130leti\u015fim\" \/>\n<meta property=\"og:description\" content=\"Turkcell Kurumsal, Dijital \u0130\u015f \u00c7\u00f6z\u00fcmleri i\u00e7in ileti\u015fime ge\u00e7in!\" \/>\n<meta property=\"og:url\" content=\"https:\/\/turkcellmetroethernet.com\/index.php\/iletisim-kampanya\/\" \/>\n<meta property=\"article:modified_time\" content=\"2025-08-28T12:06:15+00:00\" \/>\n<meta property=\"og:image\" content=\"https:\/\/turkcellmetroethernet.com\/wp-content\/uploads\/2023\/04\/Emo-e1682406464751.png\" \/>\n\t<meta property=\"og:image:width\" content=\"400\" \/>\n\t<meta property=\"og:image:height\" content=\"689\" \/>\n\t<meta property=\"og:image:type\" content=\"image\/png\" \/>\n<meta name=\"twitter:card\" content=\"summary_large_image\" \/>\n<script type=\"application\/ld+json\" class=\"yoast-schema-graph\">{\"@context\":\"https:\/\/schema.org\",\"@graph\":[{\"@type\":\"WebPage\",\"@id\":\"https:\/\/turkcellmetroethernet.com\/index.php\/iletisim-kampanya\/\",\"url\":\"https:\/\/turkcellmetroethernet.com\/index.php\/iletisim-kampanya\/\",\"name\":\"Kampanyal\u0131 \u0130\u015f \u0130nterneti i\u00e7in Bizimle \u0130leti\u015fime Ge\u00e7in!\",\"isPartOf\":{\"@id\":\"https:\/\/turkcellmetroethernet.com\/#website\"},\"primaryImageOfPage\":{\"@id\":\"https:\/\/turkcellmetroethernet.com\/index.php\/iletisim-kampanya\/#primaryimage\"},\"image\":{\"@id\":\"https:\/\/turkcellmetroethernet.com\/index.php\/iletisim-kampanya\/#primaryimage\"},\"thumbnailUrl\":\"https:\/\/turkcellmetroethernet.com\/wp-content\/uploads\/2023\/04\/Emo-e1682406464751.png\",\"datePublished\":\"2023-04-08T05:15:24+00:00\",\"dateModified\":\"2025-08-28T12:06:15+00:00\",\"description\":\"Turkcell Kurumsal, Dijital \u0130\u015f \u00c7\u00f6z\u00fcmleri i\u00e7in ileti\u015fime ge\u00e7in!\",\"breadcrumb\":{\"@id\":\"https:\/\/turkcellmetroethernet.com\/index.php\/iletisim-kampanya\/#breadcrumb\"},\"inLanguage\":\"tr\",\"potentialAction\":[{\"@type\":\"ReadAction\",\"target\":[\"https:\/\/turkcellmetroethernet.com\/index.php\/iletisim-kampanya\/\"]}]},{\"@type\":\"ImageObject\",\"inLanguage\":\"tr\",\"@id\":\"https:\/\/turkcellmetroethernet.com\/index.php\/iletisim-kampanya\/#primaryimage\",\"url\":\"https:\/\/turkcellmetroethernet.com\/wp-content\/uploads\/2023\/04\/Emo-e1682406464751.png\",\"contentUrl\":\"https:\/\/turkcellmetroethernet.com\/wp-content\/uploads\/2023\/04\/Emo-e1682406464751.png\",\"width\":400,\"height\":689},{\"@type\":\"BreadcrumbList\",\"@id\":\"https:\/\/turkcellmetroethernet.com\/index.php\/iletisim-kampanya\/#breadcrumb\",\"itemListElement\":[{\"@type\":\"ListItem\",\"position\":1,\"name\":\"Anasayfa\",\"item\":\"https:\/\/turkcellmetroethernet.com\/\"},{\"@type\":\"ListItem\",\"position\":2,\"name\":\"\u0130leti\u015fim\"}]},{\"@type\":\"WebSite\",\"@id\":\"https:\/\/turkcellmetroethernet.com\/#website\",\"url\":\"https:\/\/turkcellmetroethernet.com\/\",\"name\":\"Turkcell Metro Ethernet\",\"description\":\"\u0130\u015finiz i\u00e7in \u0130nternet\",\"publisher\":{\"@id\":\"https:\/\/turkcellmetroethernet.com\/#organization\"},\"potentialAction\":[{\"@type\":\"SearchAction\",\"target\":{\"@type\":\"EntryPoint\",\"urlTemplate\":\"https:\/\/turkcellmetroethernet.com\/?s={search_term_string}\"},\"query-input\":{\"@type\":\"PropertyValueSpecification\",\"valueRequired\":true,\"valueName\":\"search_term_string\"}}],\"inLanguage\":\"tr\"},{\"@type\":\"Organization\",\"@id\":\"https:\/\/turkcellmetroethernet.com\/#organization\",\"name\":\"Turkcell\",\"url\":\"https:\/\/turkcellmetroethernet.com\/\",\"logo\":{\"@type\":\"ImageObject\",\"inLanguage\":\"tr\",\"@id\":\"https:\/\/turkcellmetroethernet.com\/#\/schema\/logo\/image\/\",\"url\":\"https:\/\/turkcellmetroethernet.com\/wp-content\/uploads\/2023\/04\/turkcell-metro-ethernet-logo.png\",\"contentUrl\":\"https:\/\/turkcellmetroethernet.com\/wp-content\/uploads\/2023\/04\/turkcell-metro-ethernet-logo.png\",\"width\":1920,\"height\":500,\"caption\":\"Turkcell\"},\"image\":{\"@id\":\"https:\/\/turkcellmetroethernet.com\/#\/schema\/logo\/image\/\"}}]}<\/script>\n<!-- \/ Yoast SEO Premium plugin. -->","yoast_head_json":{"title":"Kampanyal\u0131 \u0130\u015f \u0130nterneti i\u00e7in Bizimle \u0130leti\u015fime Ge\u00e7in!","description":"Turkcell Kurumsal, Dijital \u0130\u015f \u00c7\u00f6z\u00fcmleri i\u00e7in ileti\u015fime ge\u00e7in!","robots":{"index":"index","follow":"follow","max-snippet":"max-snippet:-1","max-image-preview":"max-image-preview:large","max-video-preview":"max-video-preview:-1"},"canonical":"https:\/\/turkcellmetroethernet.com\/index.php\/iletisim-kampanya\/","og_locale":"tr_TR","og_type":"article","og_title":"\u0130leti\u015fim","og_description":"Turkcell Kurumsal, Dijital \u0130\u015f \u00c7\u00f6z\u00fcmleri i\u00e7in ileti\u015fime ge\u00e7in!","og_url":"https:\/\/turkcellmetroethernet.com\/index.php\/iletisim-kampanya\/","article_modified_time":"2025-08-28T12:06:15+00:00","og_image":[{"width":400,"height":689,"url":"https:\/\/turkcellmetroethernet.com\/wp-content\/uploads\/2023\/04\/Emo-e1682406464751.png","type":"image\/png"}],"twitter_card":"summary_large_image","schema":{"@context":"https:\/\/schema.org","@graph":[{"@type":"WebPage","@id":"https:\/\/turkcellmetroethernet.com\/index.php\/iletisim-kampanya\/","url":"https:\/\/turkcellmetroethernet.com\/index.php\/iletisim-kampanya\/","name":"Kampanyal\u0131 \u0130\u015f \u0130nterneti i\u00e7in Bizimle \u0130leti\u015fime Ge\u00e7in!","isPartOf":{"@id":"https:\/\/turkcellmetroethernet.com\/#website"},"primaryImageOfPage":{"@id":"https:\/\/turkcellmetroethernet.com\/index.php\/iletisim-kampanya\/#primaryimage"},"image":{"@id":"https:\/\/turkcellmetroethernet.com\/index.php\/iletisim-kampanya\/#primaryimage"},"thumbnailUrl":"https:\/\/turkcellmetroethernet.com\/wp-content\/uploads\/2023\/04\/Emo-e1682406464751.png","datePublished":"2023-04-08T05:15:24+00:00","dateModified":"2025-08-28T12:06:15+00:00","description":"Turkcell Kurumsal, Dijital \u0130\u015f \u00c7\u00f6z\u00fcmleri i\u00e7in ileti\u015fime ge\u00e7in!","breadcrumb":{"@id":"https:\/\/turkcellmetroethernet.com\/index.php\/iletisim-kampanya\/#breadcrumb"},"inLanguage":"tr","potentialAction":[{"@type":"ReadAction","target":["https:\/\/turkcellmetroethernet.com\/index.php\/iletisim-kampanya\/"]}]},{"@type":"ImageObject","inLanguage":"tr","@id":"https:\/\/turkcellmetroethernet.com\/index.php\/iletisim-kampanya\/#primaryimage","url":"https:\/\/turkcellmetroethernet.com\/wp-content\/uploads\/2023\/04\/Emo-e1682406464751.png","contentUrl":"https:\/\/turkcellmetroethernet.com\/wp-content\/uploads\/2023\/04\/Emo-e1682406464751.png","width":400,"height":689},{"@type":"BreadcrumbList","@id":"https:\/\/turkcellmetroethernet.com\/index.php\/iletisim-kampanya\/#breadcrumb","itemListElement":[{"@type":"ListItem","position":1,"name":"Anasayfa","item":"https:\/\/turkcellmetroethernet.com\/"},{"@type":"ListItem","position":2,"name":"\u0130leti\u015fim"}]},{"@type":"WebSite","@id":"https:\/\/turkcellmetroethernet.com\/#website","url":"https:\/\/turkcellmetroethernet.com\/","name":"Turkcell Metro Ethernet","description":"\u0130\u015finiz i\u00e7in \u0130nternet","publisher":{"@id":"https:\/\/turkcellmetroethernet.com\/#organization"},"potentialAction":[{"@type":"SearchAction","target":{"@type":"EntryPoint","urlTemplate":"https:\/\/turkcellmetroethernet.com\/?s={search_term_string}"},"query-input":{"@type":"PropertyValueSpecification","valueRequired":true,"valueName":"search_term_string"}}],"inLanguage":"tr"},{"@type":"Organization","@id":"https:\/\/turkcellmetroethernet.com\/#organization","name":"Turkcell","url":"https:\/\/turkcellmetroethernet.com\/","logo":{"@type":"ImageObject","inLanguage":"tr","@id":"https:\/\/turkcellmetroethernet.com\/#\/schema\/logo\/image\/","url":"https:\/\/turkcellmetroethernet.com\/wp-content\/uploads\/2023\/04\/turkcell-metro-ethernet-logo.png","contentUrl":"https:\/\/turkcellmetroethernet.com\/wp-content\/uploads\/2023\/04\/turkcell-metro-ethernet-logo.png","width":1920,"height":500,"caption":"Turkcell"},"image":{"@id":"https:\/\/turkcellmetroethernet.com\/#\/schema\/logo\/image\/"}}]}},"jetpack_sharing_enabled":true,"_links":{"self":[{"href":"https:\/\/turkcellmetroethernet.com\/index.php\/wp-json\/wp\/v2\/pages\/114","targetHints":{"allow":["GET"]}}],"collection":[{"href":"https:\/\/turkcellmetroethernet.com\/index.php\/wp-json\/wp\/v2\/pages"}],"about":[{"href":"https:\/\/turkcellmetroethernet.com\/index.php\/wp-json\/wp\/v2\/types\/page"}],"author":[{"embeddable":true,"href":"https:\/\/turkcellmetroethernet.com\/index.php\/wp-json\/wp\/v2\/users\/1"}],"replies":[{"embeddable":true,"href":"https:\/\/turkcellmetroethernet.com\/index.php\/wp-json\/wp\/v2\/comments?post=114"}],"version-history":[{"count":69,"href":"https:\/\/turkcellmetroethernet.com\/index.php\/wp-json\/wp\/v2\/pages\/114\/revisions"}],"predecessor-version":[{"id":1439,"href":"https:\/\/turkcellmetroethernet.com\/index.php\/wp-json\/wp\/v2\/pages\/114\/revisions\/1439"}],"wp:featuredmedia":[{"embeddable":true,"href":"https:\/\/turkcellmetroethernet.com\/index.php\/wp-json\/wp\/v2\/media\/963"}],"wp:attachment":[{"href":"https:\/\/turkcellmetroethernet.com\/index.php\/wp-json\/wp\/v2\/media?parent=114"}],"curies":[{"name":"wp","href":"https:\/\/api.w.org\/{rel}","templated":true}]}}